{"id":2322,"date":"2025-07-12T13:48:27","date_gmt":"2025-07-12T11:48:27","guid":{"rendered":"https:\/\/www.wolterkeramik.com\/wp\/?post_type=product&#038;p=2322"},"modified":"2025-07-12T13:48:27","modified_gmt":"2025-07-12T11:48:27","slug":"kopp-lindeberget-2","status":"publish","type":"product","link":"https:\/\/www.wolterkeramik.com\/wp\/produkt\/kopp-lindeberget-2\/","title":{"rendered":"Kopp &#8221;Lindeberget&#8221;"},"content":{"rendered":"<p>Handdrejad kopp med sk\u00f6nt \u00f6ra, dekorerad b\u00e5de utv\u00e4ndigt och p\u00e5 insidan av koppen med engobe (inf\u00e4rgad lera) i olika f\u00e4rger. Penseldekor p\u00e5 utsidan och ristade m\u00f6nster. Varje kopp har sin alldeles egna dekor. Koppen rymmer ca 2,5 dl.<\/p>\n","protected":false},"excerpt":{"rendered":"<p>Handdrejad kopp med sk\u00f6nt \u00f6ra.<\/p>\n","protected":false},"featured_media":2028,"comment_status":"open","ping_status":"closed","template":"","meta":[],"product_brand":[],"product_cat":[53],"product_tag":[51,40,37,48,41,46,56],"class_list":{"0":"post-2322","1":"product","2":"type-product","3":"status-publish","4":"has-post-thumbnail","6":"product_cat-okategoriserad","7":"product_tag-handdrejad-muggar","8":"product_tag-keramik-gotland","9":"product_tag-keramik","10":"product_tag-keramikrundan-gotland","11":"product_tag-keramikrundan","12":"product_tag-wolterkeramik","13":"product_tag-konsthantverk","15":"first","16":"instock","17":"taxable","18":"shipping-taxable","19":"purchasable","20":"product-type-simple"},"yoast_head":"<!-- This site is optimized with the Yoast SEO plugin v27.3 - https:\/\/yoast.com\/product\/yoast-seo-wordpress\/ -->\n<title>Kopp &quot;Lindeberget&quot; &#8211; Wolter keramik<\/title>\n<meta name=\"robots\" content=\"index, follow, max-snippet:-1, max-image-preview:large, max-video-preview:-1\" \/>\n<link rel=\"canonical\" href=\"https:\/\/www.wolterkeramik.com\/wp\/produkt\/kopp-lindeberget-2\/\" \/>\n<meta property=\"og:locale\" content=\"sv_SE\" \/>\n<meta property=\"og:type\" content=\"article\" \/>\n<meta property=\"og:title\" content=\"Kopp &quot;Lindeberget&quot; &#8211; Wolter keramik\" \/>\n<meta property=\"og:description\" content=\"Handdrejad kopp med sk\u00f6nt \u00f6ra.\" \/>\n<meta property=\"og:url\" content=\"https:\/\/www.wolterkeramik.com\/wp\/produkt\/kopp-lindeberget-2\/\" \/>\n<meta property=\"og:site_name\" content=\"Wolter keramik\" \/>\n<meta property=\"article:publisher\" content=\"https:\/\/www.facebook.com\/anki.wolter\" \/>\n<meta property=\"og:image\" content=\"https:\/\/www.wolterkeramik.com\/wp\/wp-content\/uploads\/2023\/01\/20230109_151817-1.jpg\" \/>\n\t<meta property=\"og:image:width\" content=\"1598\" \/>\n\t<meta property=\"og:image:height\" content=\"2043\" \/>\n\t<meta property=\"og:image:type\" content=\"image\/jpeg\" \/>\n<meta name=\"twitter:card\" content=\"summary_large_image\" \/>\n<meta name=\"twitter:label1\" content=\"Ber\u00e4knad l\u00e4stid\" \/>\n\t<meta name=\"twitter:data1\" content=\"1 minut\" \/>\n<script type=\"application\/ld+json\" class=\"yoast-schema-graph\">{\"@context\":\"https:\\\/\\\/schema.org\",\"@graph\":[{\"@type\":\"WebPage\",\"@id\":\"https:\\\/\\\/www.wolterkeramik.com\\\/wp\\\/produkt\\\/kopp-lindeberget-2\\\/\",\"url\":\"https:\\\/\\\/www.wolterkeramik.com\\\/wp\\\/produkt\\\/kopp-lindeberget-2\\\/\",\"name\":\"Kopp \\\"Lindeberget\\\" &#8211; Wolter keramik\",\"isPartOf\":{\"@id\":\"https:\\\/\\\/www.wolterkeramik.com\\\/wp\\\/#website\"},\"primaryImageOfPage\":{\"@id\":\"https:\\\/\\\/www.wolterkeramik.com\\\/wp\\\/produkt\\\/kopp-lindeberget-2\\\/#primaryimage\"},\"image\":{\"@id\":\"https:\\\/\\\/www.wolterkeramik.com\\\/wp\\\/produkt\\\/kopp-lindeberget-2\\\/#primaryimage\"},\"thumbnailUrl\":\"https:\\\/\\\/www.wolterkeramik.com\\\/wp\\\/wp-content\\\/uploads\\\/2023\\\/01\\\/20230109_151817-1.jpg\",\"datePublished\":\"2025-07-12T11:48:27+00:00\",\"breadcrumb\":{\"@id\":\"https:\\\/\\\/www.wolterkeramik.com\\\/wp\\\/produkt\\\/kopp-lindeberget-2\\\/#breadcrumb\"},\"inLanguage\":\"sv-SE\",\"potentialAction\":[{\"@type\":\"ReadAction\",\"target\":[\"https:\\\/\\\/www.wolterkeramik.com\\\/wp\\\/produkt\\\/kopp-lindeberget-2\\\/\"]}]},{\"@type\":\"ImageObject\",\"inLanguage\":\"sv-SE\",\"@id\":\"https:\\\/\\\/www.wolterkeramik.com\\\/wp\\\/produkt\\\/kopp-lindeberget-2\\\/#primaryimage\",\"url\":\"https:\\\/\\\/www.wolterkeramik.com\\\/wp\\\/wp-content\\\/uploads\\\/2023\\\/01\\\/20230109_151817-1.jpg\",\"contentUrl\":\"https:\\\/\\\/www.wolterkeramik.com\\\/wp\\\/wp-content\\\/uploads\\\/2023\\\/01\\\/20230109_151817-1.jpg\",\"width\":1598,\"height\":2043},{\"@type\":\"BreadcrumbList\",\"@id\":\"https:\\\/\\\/www.wolterkeramik.com\\\/wp\\\/produkt\\\/kopp-lindeberget-2\\\/#breadcrumb\",\"itemListElement\":[{\"@type\":\"ListItem\",\"position\":1,\"name\":\"Hem\",\"item\":\"https:\\\/\\\/www.wolterkeramik.com\\\/wp\\\/\"},{\"@type\":\"ListItem\",\"position\":2,\"name\":\"Webbutik\",\"item\":\"https:\\\/\\\/www.wolterkeramik.com\\\/wp\\\/butik\\\/\"},{\"@type\":\"ListItem\",\"position\":3,\"name\":\"Kopp &#8221;Lindeberget&#8221;\"}]},{\"@type\":\"WebSite\",\"@id\":\"https:\\\/\\\/www.wolterkeramik.com\\\/wp\\\/#website\",\"url\":\"https:\\\/\\\/www.wolterkeramik.com\\\/wp\\\/\",\"name\":\"Wolter keramik\",\"description\":\"Handgjord keramik fr\u00e5n Gotland\",\"publisher\":{\"@id\":\"https:\\\/\\\/www.wolterkeramik.com\\\/wp\\\/#organization\"},\"potentialAction\":[{\"@type\":\"SearchAction\",\"target\":{\"@type\":\"EntryPoint\",\"urlTemplate\":\"https:\\\/\\\/www.wolterkeramik.com\\\/wp\\\/?s={search_term_string}\"},\"query-input\":{\"@type\":\"PropertyValueSpecification\",\"valueRequired\":true,\"valueName\":\"search_term_string\"}}],\"inLanguage\":\"sv-SE\"},{\"@type\":\"Organization\",\"@id\":\"https:\\\/\\\/www.wolterkeramik.com\\\/wp\\\/#organization\",\"name\":\"Wolter keramik\",\"url\":\"https:\\\/\\\/www.wolterkeramik.com\\\/wp\\\/\",\"logo\":{\"@type\":\"ImageObject\",\"inLanguage\":\"sv-SE\",\"@id\":\"https:\\\/\\\/www.wolterkeramik.com\\\/wp\\\/#\\\/schema\\\/logo\\\/image\\\/\",\"url\":\"https:\\\/\\\/www.wolterkeramik.com\\\/wp\\\/wp-content\\\/uploads\\\/2017\\\/04\\\/cropped-imageedit_3_6413338694.png\",\"contentUrl\":\"https:\\\/\\\/www.wolterkeramik.com\\\/wp\\\/wp-content\\\/uploads\\\/2017\\\/04\\\/cropped-imageedit_3_6413338694.png\",\"width\":292,\"height\":110,\"caption\":\"Wolter keramik\"},\"image\":{\"@id\":\"https:\\\/\\\/www.wolterkeramik.com\\\/wp\\\/#\\\/schema\\\/logo\\\/image\\\/\"},\"sameAs\":[\"https:\\\/\\\/www.facebook.com\\\/anki.wolter\",\"https:\\\/\\\/www.instagram.com\\\/wolterkeramik\\\/\",\"https:\\\/\\\/www.youtube.com\\\/channel\\\/UCh8draTs1tkkDBMU0D6KuTQ\"]}]}<\/script>\n<!-- \/ Yoast SEO plugin. -->","yoast_head_json":{"title":"Kopp \"Lindeberget\" &#8211; Wolter keramik","robots":{"index":"index","follow":"follow","max-snippet":"max-snippet:-1","max-image-preview":"max-image-preview:large","max-video-preview":"max-video-preview:-1"},"canonical":"https:\/\/www.wolterkeramik.com\/wp\/produkt\/kopp-lindeberget-2\/","og_locale":"sv_SE","og_type":"article","og_title":"Kopp \"Lindeberget\" &#8211; Wolter keramik","og_description":"Handdrejad kopp med sk\u00f6nt \u00f6ra.","og_url":"https:\/\/www.wolterkeramik.com\/wp\/produkt\/kopp-lindeberget-2\/","og_site_name":"Wolter keramik","article_publisher":"https:\/\/www.facebook.com\/anki.wolter","og_image":[{"width":1598,"height":2043,"url":"https:\/\/www.wolterkeramik.com\/wp\/wp-content\/uploads\/2023\/01\/20230109_151817-1.jpg","type":"image\/jpeg"}],"twitter_card":"summary_large_image","twitter_misc":{"Ber\u00e4knad l\u00e4stid":"1 minut"},"schema":{"@context":"https:\/\/schema.org","@graph":[{"@type":"WebPage","@id":"https:\/\/www.wolterkeramik.com\/wp\/produkt\/kopp-lindeberget-2\/","url":"https:\/\/www.wolterkeramik.com\/wp\/produkt\/kopp-lindeberget-2\/","name":"Kopp \"Lindeberget\" &#8211; Wolter keramik","isPartOf":{"@id":"https:\/\/www.wolterkeramik.com\/wp\/#website"},"primaryImageOfPage":{"@id":"https:\/\/www.wolterkeramik.com\/wp\/produkt\/kopp-lindeberget-2\/#primaryimage"},"image":{"@id":"https:\/\/www.wolterkeramik.com\/wp\/produkt\/kopp-lindeberget-2\/#primaryimage"},"thumbnailUrl":"https:\/\/www.wolterkeramik.com\/wp\/wp-content\/uploads\/2023\/01\/20230109_151817-1.jpg","datePublished":"2025-07-12T11:48:27+00:00","breadcrumb":{"@id":"https:\/\/www.wolterkeramik.com\/wp\/produkt\/kopp-lindeberget-2\/#breadcrumb"},"inLanguage":"sv-SE","potentialAction":[{"@type":"ReadAction","target":["https:\/\/www.wolterkeramik.com\/wp\/produkt\/kopp-lindeberget-2\/"]}]},{"@type":"ImageObject","inLanguage":"sv-SE","@id":"https:\/\/www.wolterkeramik.com\/wp\/produkt\/kopp-lindeberget-2\/#primaryimage","url":"https:\/\/www.wolterkeramik.com\/wp\/wp-content\/uploads\/2023\/01\/20230109_151817-1.jpg","contentUrl":"https:\/\/www.wolterkeramik.com\/wp\/wp-content\/uploads\/2023\/01\/20230109_151817-1.jpg","width":1598,"height":2043},{"@type":"BreadcrumbList","@id":"https:\/\/www.wolterkeramik.com\/wp\/produkt\/kopp-lindeberget-2\/#breadcrumb","itemListElement":[{"@type":"ListItem","position":1,"name":"Hem","item":"https:\/\/www.wolterkeramik.com\/wp\/"},{"@type":"ListItem","position":2,"name":"Webbutik","item":"https:\/\/www.wolterkeramik.com\/wp\/butik\/"},{"@type":"ListItem","position":3,"name":"Kopp &#8221;Lindeberget&#8221;"}]},{"@type":"WebSite","@id":"https:\/\/www.wolterkeramik.com\/wp\/#website","url":"https:\/\/www.wolterkeramik.com\/wp\/","name":"Wolter keramik","description":"Handgjord keramik fr\u00e5n Gotland","publisher":{"@id":"https:\/\/www.wolterkeramik.com\/wp\/#organization"},"potentialAction":[{"@type":"SearchAction","target":{"@type":"EntryPoint","urlTemplate":"https:\/\/www.wolterkeramik.com\/wp\/?s={search_term_string}"},"query-input":{"@type":"PropertyValueSpecification","valueRequired":true,"valueName":"search_term_string"}}],"inLanguage":"sv-SE"},{"@type":"Organization","@id":"https:\/\/www.wolterkeramik.com\/wp\/#organization","name":"Wolter keramik","url":"https:\/\/www.wolterkeramik.com\/wp\/","logo":{"@type":"ImageObject","inLanguage":"sv-SE","@id":"https:\/\/www.wolterkeramik.com\/wp\/#\/schema\/logo\/image\/","url":"https:\/\/www.wolterkeramik.com\/wp\/wp-content\/uploads\/2017\/04\/cropped-imageedit_3_6413338694.png","contentUrl":"https:\/\/www.wolterkeramik.com\/wp\/wp-content\/uploads\/2017\/04\/cropped-imageedit_3_6413338694.png","width":292,"height":110,"caption":"Wolter keramik"},"image":{"@id":"https:\/\/www.wolterkeramik.com\/wp\/#\/schema\/logo\/image\/"},"sameAs":["https:\/\/www.facebook.com\/anki.wolter","https:\/\/www.instagram.com\/wolterkeramik\/","https:\/\/www.youtube.com\/channel\/UCh8draTs1tkkDBMU0D6KuTQ"]}]}},"jetpack_sharing_enabled":true,"_links":{"self":[{"href":"https:\/\/www.wolterkeramik.com\/wp\/wp-json\/wp\/v2\/product\/2322","targetHints":{"allow":["GET"]}}],"collection":[{"href":"https:\/\/www.wolterkeramik.com\/wp\/wp-json\/wp\/v2\/product"}],"about":[{"href":"https:\/\/www.wolterkeramik.com\/wp\/wp-json\/wp\/v2\/types\/product"}],"replies":[{"embeddable":true,"href":"https:\/\/www.wolterkeramik.com\/wp\/wp-json\/wp\/v2\/comments?post=2322"}],"wp:featuredmedia":[{"embeddable":true,"href":"https:\/\/www.wolterkeramik.com\/wp\/wp-json\/wp\/v2\/media\/2028"}],"wp:attachment":[{"href":"https:\/\/www.wolterkeramik.com\/wp\/wp-json\/wp\/v2\/media?parent=2322"}],"wp:term":[{"taxonomy":"product_brand","embeddable":true,"href":"https:\/\/www.wolterkeramik.com\/wp\/wp-json\/wp\/v2\/product_brand?post=2322"},{"taxonomy":"product_cat","embeddable":true,"href":"https:\/\/www.wolterkeramik.com\/wp\/wp-json\/wp\/v2\/product_cat?post=2322"},{"taxonomy":"product_tag","embeddable":true,"href":"https:\/\/www.wolterkeramik.com\/wp\/wp-json\/wp\/v2\/product_tag?post=2322"}],"curies":[{"name":"wp","href":"https:\/\/api.w.org\/{rel}","templated":true}]}}