{"id":645,"date":"2017-04-04T21:17:07","date_gmt":"2017-04-04T19:17:07","guid":{"rendered":"http:\/\/www.wolterkeramik.com\/wp\/?page_id=645"},"modified":"2024-12-15T11:30:57","modified_gmt":"2024-12-15T10:30:57","slug":"kopvillkor-och-fraktkostnader","status":"publish","type":"page","link":"https:\/\/www.wolterkeramik.com\/wp\/butik\/kopvillkor-och-fraktkostnader\/","title":{"rendered":"K\u00f6pvillkor och fraktkostnader"},"content":{"rendered":"<p>Priser: Priserna anges i SEK eller Euro. Moms ing\u00e5r i alla priser.<\/p>\n<p>Fraktpriser inom Sverige.(inkl. moms)<\/p>\n<p>1-2 kg 130 kr (Skickas med Postnord, h\u00e4mtas hos ombud)<\/p>\n<p>3-5 kg 185 kr(Skickas med DHL, h\u00e4mtas hos ombud)<\/p>\n<p>6-10 kg 280 kr (Skickas med DHL, h\u00e4mtas hos ombud)<\/p>\n<p>10-15 kg 360 kr (Skickas med DHL, h\u00e4mtas hos ombud)<\/p>\n<p>Fraktpriser till Danmark och Helsingforsomr\u00e5det.<\/p>\n<p>1-3 kg 270 kr<\/p>\n<p>4-6 kg 300 kr<\/p>\n<p>7-10 kg 370 kr<\/p>\n<p>F\u00f6r best\u00e4llningar och prisinformation till \u00f6vriga Norden och Europa, kontakta Anki Wolter via e-post. anki@wolterkeramik.com<\/p>\n<p>Leveranss\u00e4tt: Leveranser sker i samarbete med DHL och Postnord<\/p>\n<p>Leveranstid: \u00c4r normalt 2-5 dagar. Om n\u00e5gon produkt inte finns i lager meddelas du via e-post om det.<\/p>\n<p>Outl\u00f6sta paket: Paket som inte l\u00f6ses ut inneb\u00e4r f\u00f6r dig som kund, en kostnad f\u00f6r frakt (b\u00e5de till, och fr\u00e5n dig).<\/p>\n<p>\u00c5ngerr\u00e4tt: Du har givetvis r\u00e4tt att \u00e5ngra ditt k\u00f6p. \u00c5ngerr\u00e4tten g\u00e4ller i 14 dagar fr\u00e5n det att du tagit emot varan. \u00c5ngrar du ditt k\u00f6p st\u00e5r du f\u00f6r frakten (b\u00e5de till dig, och fr\u00e5n dig). Kontakta d\u00e5 mig via e-post f\u00f6r mer information om \u00e5terbetalning och paketretur.<\/p>\n<p>Reklamation: Skulle n\u00e5got ha g\u00e5tt s\u00f6nder under transporten, kontakta mig via e-post. En digital bild skickas p\u00e5 skadan. Om n\u00e5got skulle vara trasigt i leveransen st\u00e5r Anki Wolter keramik f\u00f6r fraktkostnaden.<\/p>\n<p>Betalningss\u00e4tt: Du betalar via faktura. Jag skickar fakturan \u00f6ver mail och n\u00e4r fakturan \u00e4r betald skickar jag din best\u00e4llning. Maxbeloppet p\u00e5 en faktura \u00e4r 4 000 kr inkl. moms. F\u00f6r att handla p\u00e5 faktura skall du vara \u00f6ver 18 \u00e5r och inte ha n\u00e5gra betalningsanm\u00e4rkningar. Du beh\u00f6ver l\u00e4mna ditt 10- siffriga personnummer, och adressen som du anger skall vara samma som din folkbokf\u00f6ringsadress.<\/p>\n<p>Produkterna: Jag vill g\u00f6ra Er uppm\u00e4rksam p\u00e5 att f\u00e4rgerna p\u00e5 keramiken kan skilja sig fr\u00e5n bildsk\u00e4rm till bildsk\u00e4rm.<\/p>\n","protected":false},"excerpt":{"rendered":"<p>Priser: Priserna anges i SEK eller Euro. Moms ing\u00e5r i alla priser. Fraktpriser inom Sverige.(inkl. moms) 1-2 kg 130 kr (Skickas med Postnord, h\u00e4mtas hos ombud) 3-5 kg 185 kr(Skickas med DHL, h\u00e4mtas hos ombud) 6-10 kg 280 kr (Skickas med DHL, h\u00e4mtas hos ombud) 10-15 kg 360 kr (Skickas med DHL, h\u00e4mtas hos ombud) [&hellip;]<\/p>\n","protected":false},"author":1,"featured_media":0,"parent":543,"menu_order":0,"comment_status":"closed","ping_status":"closed","template":"","meta":{"footnotes":""},"class_list":["post-645","page","type-page","status-publish","hentry"],"yoast_head":"<!-- This site is optimized with the Yoast SEO plugin v27.3 - https:\/\/yoast.com\/product\/yoast-seo-wordpress\/ -->\n<title>K\u00f6pvillkor och fraktkostnader &#8211; Wolter keramik<\/title>\n<meta name=\"robots\" content=\"index, follow, max-snippet:-1, max-image-preview:large, max-video-preview:-1\" \/>\n<link rel=\"canonical\" href=\"https:\/\/www.wolterkeramik.com\/wp\/butik\/kopvillkor-och-fraktkostnader\/\" \/>\n<meta property=\"og:locale\" content=\"sv_SE\" \/>\n<meta property=\"og:type\" content=\"article\" \/>\n<meta property=\"og:title\" content=\"K\u00f6pvillkor och fraktkostnader &#8211; Wolter keramik\" \/>\n<meta property=\"og:description\" content=\"Priser: Priserna anges i SEK eller Euro. Moms ing\u00e5r i alla priser. Fraktpriser inom Sverige.(inkl. moms) 1-2 kg 130 kr (Skickas med Postnord, h\u00e4mtas hos ombud) 3-5 kg 185 kr(Skickas med DHL, h\u00e4mtas hos ombud) 6-10 kg 280 kr (Skickas med DHL, h\u00e4mtas hos ombud) 10-15 kg 360 kr (Skickas med DHL, h\u00e4mtas hos ombud) [&hellip;]\" \/>\n<meta property=\"og:url\" content=\"https:\/\/www.wolterkeramik.com\/wp\/butik\/kopvillkor-och-fraktkostnader\/\" \/>\n<meta property=\"og:site_name\" content=\"Wolter keramik\" \/>\n<meta property=\"article:publisher\" content=\"https:\/\/www.facebook.com\/anki.wolter\" \/>\n<meta property=\"article:modified_time\" content=\"2024-12-15T10:30:57+00:00\" \/>\n<meta name=\"twitter:card\" content=\"summary_large_image\" \/>\n<meta name=\"twitter:label1\" content=\"Ber\u00e4knad l\u00e4stid\" \/>\n\t<meta name=\"twitter:data1\" content=\"2 minuter\" \/>\n<script type=\"application\/ld+json\" class=\"yoast-schema-graph\">{\"@context\":\"https:\\\/\\\/schema.org\",\"@graph\":[{\"@type\":\"WebPage\",\"@id\":\"https:\\\/\\\/www.wolterkeramik.com\\\/wp\\\/butik\\\/kopvillkor-och-fraktkostnader\\\/\",\"url\":\"https:\\\/\\\/www.wolterkeramik.com\\\/wp\\\/butik\\\/kopvillkor-och-fraktkostnader\\\/\",\"name\":\"K\u00f6pvillkor och fraktkostnader &#8211; Wolter keramik\",\"isPartOf\":{\"@id\":\"https:\\\/\\\/www.wolterkeramik.com\\\/wp\\\/#website\"},\"datePublished\":\"2017-04-04T19:17:07+00:00\",\"dateModified\":\"2024-12-15T10:30:57+00:00\",\"breadcrumb\":{\"@id\":\"https:\\\/\\\/www.wolterkeramik.com\\\/wp\\\/butik\\\/kopvillkor-och-fraktkostnader\\\/#breadcrumb\"},\"inLanguage\":\"sv-SE\",\"potentialAction\":[{\"@type\":\"ReadAction\",\"target\":[\"https:\\\/\\\/www.wolterkeramik.com\\\/wp\\\/butik\\\/kopvillkor-och-fraktkostnader\\\/\"]}]},{\"@type\":\"BreadcrumbList\",\"@id\":\"https:\\\/\\\/www.wolterkeramik.com\\\/wp\\\/butik\\\/kopvillkor-och-fraktkostnader\\\/#breadcrumb\",\"itemListElement\":[{\"@type\":\"ListItem\",\"position\":1,\"name\":\"Hem\",\"item\":\"https:\\\/\\\/www.wolterkeramik.com\\\/wp\\\/\"},{\"@type\":\"ListItem\",\"position\":2,\"name\":\"Webbutik\",\"item\":\"https:\\\/\\\/www.wolterkeramik.com\\\/wp\\\/butik\\\/\"},{\"@type\":\"ListItem\",\"position\":3,\"name\":\"K\u00f6pvillkor och fraktkostnader\"}]},{\"@type\":\"WebSite\",\"@id\":\"https:\\\/\\\/www.wolterkeramik.com\\\/wp\\\/#website\",\"url\":\"https:\\\/\\\/www.wolterkeramik.com\\\/wp\\\/\",\"name\":\"Wolter keramik\",\"description\":\"Handgjord keramik fr\u00e5n Gotland\",\"publisher\":{\"@id\":\"https:\\\/\\\/www.wolterkeramik.com\\\/wp\\\/#organization\"},\"potentialAction\":[{\"@type\":\"SearchAction\",\"target\":{\"@type\":\"EntryPoint\",\"urlTemplate\":\"https:\\\/\\\/www.wolterkeramik.com\\\/wp\\\/?s={search_term_string}\"},\"query-input\":{\"@type\":\"PropertyValueSpecification\",\"valueRequired\":true,\"valueName\":\"search_term_string\"}}],\"inLanguage\":\"sv-SE\"},{\"@type\":\"Organization\",\"@id\":\"https:\\\/\\\/www.wolterkeramik.com\\\/wp\\\/#organization\",\"name\":\"Wolter keramik\",\"url\":\"https:\\\/\\\/www.wolterkeramik.com\\\/wp\\\/\",\"logo\":{\"@type\":\"ImageObject\",\"inLanguage\":\"sv-SE\",\"@id\":\"https:\\\/\\\/www.wolterkeramik.com\\\/wp\\\/#\\\/schema\\\/logo\\\/image\\\/\",\"url\":\"https:\\\/\\\/www.wolterkeramik.com\\\/wp\\\/wp-content\\\/uploads\\\/2017\\\/04\\\/cropped-imageedit_3_6413338694.png\",\"contentUrl\":\"https:\\\/\\\/www.wolterkeramik.com\\\/wp\\\/wp-content\\\/uploads\\\/2017\\\/04\\\/cropped-imageedit_3_6413338694.png\",\"width\":292,\"height\":110,\"caption\":\"Wolter keramik\"},\"image\":{\"@id\":\"https:\\\/\\\/www.wolterkeramik.com\\\/wp\\\/#\\\/schema\\\/logo\\\/image\\\/\"},\"sameAs\":[\"https:\\\/\\\/www.facebook.com\\\/anki.wolter\",\"https:\\\/\\\/www.instagram.com\\\/wolterkeramik\\\/\",\"https:\\\/\\\/www.youtube.com\\\/channel\\\/UCh8draTs1tkkDBMU0D6KuTQ\"]}]}<\/script>\n<!-- \/ Yoast SEO plugin. -->","yoast_head_json":{"title":"K\u00f6pvillkor och fraktkostnader &#8211; Wolter keramik","robots":{"index":"index","follow":"follow","max-snippet":"max-snippet:-1","max-image-preview":"max-image-preview:large","max-video-preview":"max-video-preview:-1"},"canonical":"https:\/\/www.wolterkeramik.com\/wp\/butik\/kopvillkor-och-fraktkostnader\/","og_locale":"sv_SE","og_type":"article","og_title":"K\u00f6pvillkor och fraktkostnader &#8211; Wolter keramik","og_description":"Priser: Priserna anges i SEK eller Euro. Moms ing\u00e5r i alla priser. Fraktpriser inom Sverige.(inkl. moms) 1-2 kg 130 kr (Skickas med Postnord, h\u00e4mtas hos ombud) 3-5 kg 185 kr(Skickas med DHL, h\u00e4mtas hos ombud) 6-10 kg 280 kr (Skickas med DHL, h\u00e4mtas hos ombud) 10-15 kg 360 kr (Skickas med DHL, h\u00e4mtas hos ombud) [&hellip;]","og_url":"https:\/\/www.wolterkeramik.com\/wp\/butik\/kopvillkor-och-fraktkostnader\/","og_site_name":"Wolter keramik","article_publisher":"https:\/\/www.facebook.com\/anki.wolter","article_modified_time":"2024-12-15T10:30:57+00:00","twitter_card":"summary_large_image","twitter_misc":{"Ber\u00e4knad l\u00e4stid":"2 minuter"},"schema":{"@context":"https:\/\/schema.org","@graph":[{"@type":"WebPage","@id":"https:\/\/www.wolterkeramik.com\/wp\/butik\/kopvillkor-och-fraktkostnader\/","url":"https:\/\/www.wolterkeramik.com\/wp\/butik\/kopvillkor-och-fraktkostnader\/","name":"K\u00f6pvillkor och fraktkostnader &#8211; Wolter keramik","isPartOf":{"@id":"https:\/\/www.wolterkeramik.com\/wp\/#website"},"datePublished":"2017-04-04T19:17:07+00:00","dateModified":"2024-12-15T10:30:57+00:00","breadcrumb":{"@id":"https:\/\/www.wolterkeramik.com\/wp\/butik\/kopvillkor-och-fraktkostnader\/#breadcrumb"},"inLanguage":"sv-SE","potentialAction":[{"@type":"ReadAction","target":["https:\/\/www.wolterkeramik.com\/wp\/butik\/kopvillkor-och-fraktkostnader\/"]}]},{"@type":"BreadcrumbList","@id":"https:\/\/www.wolterkeramik.com\/wp\/butik\/kopvillkor-och-fraktkostnader\/#breadcrumb","itemListElement":[{"@type":"ListItem","position":1,"name":"Hem","item":"https:\/\/www.wolterkeramik.com\/wp\/"},{"@type":"ListItem","position":2,"name":"Webbutik","item":"https:\/\/www.wolterkeramik.com\/wp\/butik\/"},{"@type":"ListItem","position":3,"name":"K\u00f6pvillkor och fraktkostnader"}]},{"@type":"WebSite","@id":"https:\/\/www.wolterkeramik.com\/wp\/#website","url":"https:\/\/www.wolterkeramik.com\/wp\/","name":"Wolter keramik","description":"Handgjord keramik fr\u00e5n Gotland","publisher":{"@id":"https:\/\/www.wolterkeramik.com\/wp\/#organization"},"potentialAction":[{"@type":"SearchAction","target":{"@type":"EntryPoint","urlTemplate":"https:\/\/www.wolterkeramik.com\/wp\/?s={search_term_string}"},"query-input":{"@type":"PropertyValueSpecification","valueRequired":true,"valueName":"search_term_string"}}],"inLanguage":"sv-SE"},{"@type":"Organization","@id":"https:\/\/www.wolterkeramik.com\/wp\/#organization","name":"Wolter keramik","url":"https:\/\/www.wolterkeramik.com\/wp\/","logo":{"@type":"ImageObject","inLanguage":"sv-SE","@id":"https:\/\/www.wolterkeramik.com\/wp\/#\/schema\/logo\/image\/","url":"https:\/\/www.wolterkeramik.com\/wp\/wp-content\/uploads\/2017\/04\/cropped-imageedit_3_6413338694.png","contentUrl":"https:\/\/www.wolterkeramik.com\/wp\/wp-content\/uploads\/2017\/04\/cropped-imageedit_3_6413338694.png","width":292,"height":110,"caption":"Wolter keramik"},"image":{"@id":"https:\/\/www.wolterkeramik.com\/wp\/#\/schema\/logo\/image\/"},"sameAs":["https:\/\/www.facebook.com\/anki.wolter","https:\/\/www.instagram.com\/wolterkeramik\/","https:\/\/www.youtube.com\/channel\/UCh8draTs1tkkDBMU0D6KuTQ"]}]}},"jetpack_sharing_enabled":true,"_links":{"self":[{"href":"https:\/\/www.wolterkeramik.com\/wp\/wp-json\/wp\/v2\/pages\/645","targetHints":{"allow":["GET"]}}],"collection":[{"href":"https:\/\/www.wolterkeramik.com\/wp\/wp-json\/wp\/v2\/pages"}],"about":[{"href":"https:\/\/www.wolterkeramik.com\/wp\/wp-json\/wp\/v2\/types\/page"}],"author":[{"embeddable":true,"href":"https:\/\/www.wolterkeramik.com\/wp\/wp-json\/wp\/v2\/users\/1"}],"replies":[{"embeddable":true,"href":"https:\/\/www.wolterkeramik.com\/wp\/wp-json\/wp\/v2\/comments?post=645"}],"version-history":[{"count":6,"href":"https:\/\/www.wolterkeramik.com\/wp\/wp-json\/wp\/v2\/pages\/645\/revisions"}],"predecessor-version":[{"id":2273,"href":"https:\/\/www.wolterkeramik.com\/wp\/wp-json\/wp\/v2\/pages\/645\/revisions\/2273"}],"up":[{"embeddable":true,"href":"https:\/\/www.wolterkeramik.com\/wp\/wp-json\/wp\/v2\/pages\/543"}],"wp:attachment":[{"href":"https:\/\/www.wolterkeramik.com\/wp\/wp-json\/wp\/v2\/media?parent=645"}],"curies":[{"name":"wp","href":"https:\/\/api.w.org\/{rel}","templated":true}]}}